{"id":11864,"date":"2025-05-07T12:14:59","date_gmt":"2025-05-07T12:14:59","guid":{"rendered":"https:\/\/coca-colarecipebox.com\/?page_id=11864"},"modified":"2025-05-26T11:50:18","modified_gmt":"2025-05-26T11:50:18","slug":"register","status":"publish","type":"page","link":"https:\/\/coca-colarecipebox.com\/fr\/register\/","title":{"rendered":"Inscription de l'utilisateur"},"content":{"rendered":"<div data-elementor-type=\"wp-page\" data-elementor-id=\"11864\" class=\"elementor elementor-11864\" data-elementor-post-type=\"page\">\n\t\t\t\t\t\t\t<div data-particle_enable=\"false\" data-particle-mobile-disabled=\"false\" class=\"elementor-element elementor-element-b2a46b9 e-con-full e-flex e-con e-parent\" data-id=\"b2a46b9\" data-element_type=\"container\" data-e-type=\"container\" data-settings=\"{&quot;background_background&quot;:&quot;classic&quot;}\">\r\n\t\t\t\t\t\t<div data-particle_enable=\"false\" data-particle-mobile-disabled=\"false\" class=\"elementor-element elementor-element-32ff450 e-con-full e-flex e-con e-child\" data-id=\"32ff450\" data-element_type=\"container\" data-e-type=\"container\" data-settings=\"{&quot;background_background&quot;:&quot;classic&quot;}\">\r\n\t\t\t\t\t<div class=\"elementor-element elementor-element-5c1d06a elementor-widget elementor-widget-image\" data-id=\"5c1d06a\" data-element_type=\"widget\" data-e-type=\"widget\" data-widget_type=\"image.default\">\n\t\t\t\t<div class=\"elementor-widget-container\">\n\t\t\t\t\t\t\t\t\t\t\t\t\t\t\t\t<a href=\"\/fr\/\">\n\t\t\t\t\t\t\t<img fetchpriority=\"high\" decoding=\"async\" width=\"999\" height=\"276\" src=\"https:\/\/coca-colarecipebox.com\/wp-content\/uploads\/2024\/12\/Coca-Cola-RecipeBox-Logo.png\" class=\"attachment-full size-full wp-image-11358\" alt=\"\" srcset=\"https:\/\/coca-colarecipebox.com\/wp-content\/uploads\/2024\/12\/Coca-Cola-RecipeBox-Logo.png 999w, https:\/\/coca-colarecipebox.com\/wp-content\/uploads\/2024\/12\/Coca-Cola-RecipeBox-Logo-768x212.png 768w, https:\/\/coca-colarecipebox.com\/wp-content\/uploads\/2024\/12\/Coca-Cola-RecipeBox-Logo-600x166.png 600w\" sizes=\"(max-width: 999px) 100vw, 999px\" \/>\t\t\t\t\t\t\t\t<\/a>\n\t\t\t\t\t\t\t\t\t\t\t\t\t\t\t<\/div>\n\t\t\t\t<\/div>\n\t\t\t\t<div class=\"elementor-element elementor-element-2f96209 eael-dual-header-content-align-center elementor-widget elementor-widget-eael-dual-color-header\" data-id=\"2f96209\" data-element_type=\"widget\" data-e-type=\"widget\" data-widget_type=\"eael-dual-color-header.default\">\n\t\t\t\t<div class=\"elementor-widget-container\">\n\t\t\t\t\t\t\t\t<div class=\"eael-dual-header\">\n\t\t\t\t<h2 class=\"title eael-dch-title\"><span class=\"eael-dch-title-text eael-dch-title-lead lead solid-color\">Enregistrement des utilisateurs internes <\/span> <span class=\"eael-dch-title-text\"><\/span><\/h2>\t\t\t\t\t<span class=\"subtext\">Enregistrez-vous ci-dessous avec votre KO ID pour acc\u00e9der et g\u00e9rer des recettes exclusives.<\/span>\n\t\t\t\t\t\t\t<\/div>\n\n\t\t\t\t\t\t<\/div>\n\t\t\t\t<\/div>\n\t\t\t\t<div class=\"elementor-element elementor-element-96f6f97 elementor-widget elementor-widget-shortcode\" data-id=\"96f6f97\" data-element_type=\"widget\" data-e-type=\"widget\" data-widget_type=\"shortcode.default\">\n\t\t\t\t<div class=\"elementor-widget-container\">\n\t\t\t\t\t\t\t<div class=\"elementor-shortcode\"><form method=\"post\" id=\"rb-registration-form\" class=\"p-4\" action=\"\">\n<input type=\"hidden\" id=\"_wpnonce\" name=\"_wpnonce\" value=\"91977b296c\" \/><input type=\"hidden\" name=\"_wp_http_referer\" value=\"\/fr\/wp-json\/wp\/v2\/pages\/11864\" \/>    \n<div class=\"mb-3\">\n        <label for=\"reg_name\" class=\"form-label\">Nom complet<\/label>\n        <input type=\"text\" class=\"form-control\" name=\"reg_name\" id=\"reg_name\" required>\n        <div id=\"name-error\" class=\"form-text text-danger\"><\/div>\n    <\/div>\n\n    <div class=\"mb-3\">\n        <label for=\"reg_email\" class=\"form-label\">Adresse \u00e9lectronique<\/label>\n        <input type=\"email\" class=\"form-control\" name=\"reg_email\" id=\"reg_email\" required>\n        <div id=\"email-error\" class=\"form-text text-danger\"><\/div>\n    <\/div>\n\n    <div class=\"mb-3\">\n        <label for=\"reg_ko_id\" class=\"form-label\">KO ID<\/label>\n        <input type=\"text\" class=\"form-control\" name=\"reg_ko_id\" id=\"reg_ko_id\" required>\n        <div id=\"koid-error\" class=\"form-text text-danger\"><\/div>\n    <\/div>\n\n    <input type=\"submit\" name=\"rb_user_reg_submit\" class=\"btn btn-primary w-100\" value=\"Registre\">\n<input type=\"hidden\" name=\"trp-form-language\" value=\"fr\"\/><\/form><\/div>\n\t\t\t\t\t\t<\/div>\n\t\t\t\t<\/div>\n\t\t\t\t<div class=\"elementor-element elementor-element-a00ae45 elementor-widget elementor-widget-text-editor\" data-id=\"a00ae45\" data-element_type=\"widget\" data-e-type=\"widget\" data-widget_type=\"text-editor.default\">\n\t\t\t\t<div class=\"elementor-widget-container\">\n\t\t\t\t\t\t\t\t\t<div class=\"login-notice\">Vous avez d\u00e9j\u00e0 un compte ? S'il vous pla\u00eet <a href=\"\/wp-login.php\">Se connecter<\/a><\/div>\t\t\t\t\t\t\t\t<\/div>\n\t\t\t\t<\/div>\n\t\t\r\n\t\t\t<\/div>\r\n\t\t\t\r\n\t\t\t<\/div>\r\n\t\t\t\t\t<\/div>","protected":false},"excerpt":{"rendered":"<p>Enregistrement de l'utilisateur interne Enregistrez-vous ci-dessous avec votre KO ID pour acc\u00e9der et g\u00e9rer des recettes exclusives. Vous avez d\u00e9j\u00e0 un compte ? Veuillez vous connecter<\/p>","protected":false},"author":1,"featured_media":0,"parent":0,"menu_order":0,"comment_status":"closed","ping_status":"closed","template":"elementor_canvas","meta":{"_acf_changed":false,"footnotes":""},"class_list":["post-11864","page","type-page","status-publish","hentry"],"acf":[],"_links":{"self":[{"href":"https:\/\/coca-colarecipebox.com\/fr\/wp-json\/wp\/v2\/pages\/11864","targetHints":{"allow":["GET"]}}],"collection":[{"href":"https:\/\/coca-colarecipebox.com\/fr\/wp-json\/wp\/v2\/pages"}],"about":[{"href":"https:\/\/coca-colarecipebox.com\/fr\/wp-json\/wp\/v2\/types\/page"}],"author":[{"embeddable":true,"href":"https:\/\/coca-colarecipebox.com\/fr\/wp-json\/wp\/v2\/users\/1"}],"replies":[{"embeddable":true,"href":"https:\/\/coca-colarecipebox.com\/fr\/wp-json\/wp\/v2\/comments?post=11864"}],"version-history":[{"count":58,"href":"https:\/\/coca-colarecipebox.com\/fr\/wp-json\/wp\/v2\/pages\/11864\/revisions"}],"predecessor-version":[{"id":11999,"href":"https:\/\/coca-colarecipebox.com\/fr\/wp-json\/wp\/v2\/pages\/11864\/revisions\/11999"}],"wp:attachment":[{"href":"https:\/\/coca-colarecipebox.com\/fr\/wp-json\/wp\/v2\/media?parent=11864"}],"curies":[{"name":"wp","href":"https:\/\/api.w.org\/{rel}","templated":true}]}}